{"id":5713,"date":"2012-04-06T12:08:41","date_gmt":"2012-04-06T10:08:41","guid":{"rendered":"http:\/\/www.zeus.aegee.org\/magazine\/?page_id=5713"},"modified":"2012-10-25T10:19:04","modified_gmt":"2012-10-25T08:19:04","slug":"the-aegeeans-choice-awards-2012","status":"publish","type":"page","link":"https:\/\/www.zeus.aegee.org\/magazine\/the-aegeeans-choice-awards\/the-aegeeans-choice-awards-2012\/","title":{"rendered":"The AEGEEans Choice Awards 2012"},"content":{"rendered":"<p><a href=\"http:\/\/www.zeus.aegee.org\/magazine\/?attachment_id=5832\"><img loading=\"lazy\" class=\"aligncenter size-full wp-image-5832\" title=\"logo-choice-awardsnddw\" src=\"http:\/\/www.zeus.aegee.org\/magazine\/wp-content\/uploads\/logo-choice-awardsnddw.png\" alt=\"\" width=\"375\" height=\"227\" srcset=\"https:\/\/www.zeus.aegee.org\/magazine\/wp-content\/uploads\/logo-choice-awardsnddw.png 375w, https:\/\/www.zeus.aegee.org\/magazine\/wp-content\/uploads\/logo-choice-awardsnddw-300x181.png 300w\" sizes=\"(max-width: 375px) 100vw, 375px\" \/><\/a><\/p>\n<p><strong><br \/>\n<\/strong><\/p>\n<p><strong>The AEGEEans&#8217; Choice Awards 2012 <\/strong>took place for the first time in 2012, and the awards were handed over in Agora Enschede.<\/p>\n<p>Nominees and winners of 2012<\/p>\n<p><strong>1. <a title=\"Mascot nominees\" href=\"http:\/\/www.zeus.aegee.org\/magazine\/2012\/03\/08\/the-costumes-real-life-and-stuffed-animals-that-represent-aegee-locals\/\" target=\"_blank\">Cutest Mascot<\/a><\/strong><\/p>\n<ul>\n<li>Le\u00f3ncio, AEGEE-Le\u00f3n (Winner)<\/li>\n<li>Uca, AEGEE-Santander<\/li>\n<li>Sofoklis, AEGEE-Thessaloniki<\/li>\n<li>Masagor, AEGEE-Eski\u015fehi<\/li>\n<li>Cicus Pazmaneus, \u00a0AEGEE-Piliscsaba<\/li>\n<\/ul>\n<p>&nbsp;<\/p>\n<p><strong>2. <a title=\"Nominees\" href=\"http:\/\/www.zeus.aegee.org\/magazine\/2012\/03\/24\/i-hereby-name-you-%E2%80%9Cput-in-awesome-title-for-an-event%E2%80%9D\/\" target=\"_blank\">Most Creative Title of an Event 2011<\/a><\/strong><\/p>\n<ul>\n<li>AeGeE of Empires, AEGEE-Budapest &amp; AEGEE-Brno (Winner)<\/li>\n<li>City of rocks, city that rocks, AEGEE-Yerevan<\/li>\n<li>CauAEGEEan, AEGEE-Tbilisi &amp; AEGEE-Baki<\/li>\n<li>FinEst Wintertale, AEGEE-Helsinki &amp; AEGEE-Tallinn<\/li>\n<li>vAEGEEtalian Restaurant, AEGEE-Treviso<\/li>\n<\/ul>\n<p>&nbsp;<\/p>\n<p><strong>3. <a title=\"Video of the roll-calls\" href=\"http:\/\/www.youtube.com\/watch?v=JAwgK424Nxc\" target=\"_blank\">Best Roll Call<\/a><\/strong><\/p>\n<ul>\n<li><a title=\"AEGEE-Madrid roll-call\" href=\"http:\/\/www.youtube.com\/watch?v=86SCW5feRhY&amp;feature=youtu.be\" target=\"_blank\">AEGEE-Madrid<\/a>\u00a0(Winner)<\/li>\n<li><a title=\"AEGEE-D\u00fcsseldorf roll-call\" href=\"http:\/\/www.youtube.com\/watch?v=UPjoTOPRcaw\" target=\"_blank\">AEGEE-D\u00fcsseldorf<\/a><\/li>\n<li>AEGEE-Enschede<\/li>\n<li><a title=\"AEGEE-Utrecht roll-call\" href=\"http:\/\/www.youtube.com\/watch?v=tla2hokhC0Q&amp;feature=youtu.be\" target=\"_blank\">AEGEE-Utrecht<\/a><\/li>\n<li><a title=\"AEGEE-Istanbul roll-call\" href=\"http:\/\/www.youtube.com\/watch?v=QJHTNMv5eRs\" target=\"_blank\">AEGEE-Istanbul<\/a><\/li>\n<\/ul>\n<p>&nbsp;<\/p>\n<p><strong>4. <a title=\"Nominees\" href=\"http:\/\/www.zeus.aegee.org\/magazine\/2012\/03\/23\/best-dressed-guy-award\/\" target=\"_blank\">Best Dressed Guy<\/a><\/strong><\/p>\n<ul>\n<li>Marco Grdosic, CD<\/li>\n<li>Emre Demirci, AEGEE-Hamburg<\/li>\n<li>Araz Huseyn, AEGEE-Sumqayit<\/li>\n<li>Paul Smits, AEGEE-Enschede<\/li>\n<li>Guillermo Garc\u00eda Tabar\u00e9s, CD (Winner)<\/li>\n<\/ul>\n<p>&nbsp;<\/p>\n<p><strong>5.\u00a0 <a title=\"Best dressed girl nominees\" href=\"http:\/\/www.zeus.aegee.org\/magazine\/2012\/03\/30\/best-dressed-girl-award\/\" target=\"_blank\">Best Dressed Girl<\/a><\/strong><\/p>\n<ul>\n<li>Denise Zonnebeld, AEGEE-Groningen<\/li>\n<li>Maryana Semenyak, AEGEE-Lviv (Winner)<\/li>\n<li>Sila \u00d6zdemir, AEGEE-Izmir<\/li>\n<li>M\u00fcge Etcibasi, AEGEE-Izmir<\/li>\n<li>Mariella Rapa, AEGEE-Valleta<\/li>\n<\/ul>\n<p>&nbsp;<\/p>\n<p><strong>6. Best Flag-stealer<\/strong><\/p>\n<ul>\n<li><a title=\"Flag stealers\" href=\"http:\/\/www.zeus.aegee.org\/magazine\/2012\/02\/29\/please-keep-an-eye-on-your-flags-and-mascots-at-all-times\/\" target=\"_blank\">AEGEE-Peiraias<\/a><\/li>\n<li><a title=\"Catania link\" href=\"http:\/\/www.zeus.aegee.org\/magazine\/2012\/02\/29\/please-keep-an-eye-on-your-flags-and-mascots-at-all-times\/\" target=\"_blank\">AEGEE-Catania for stealing WDEE flag, making Percin &amp; Yvonne sing &#8220;Barbie Girl&#8221;<\/a><\/li>\n<li>Luc &amp; AEGEE-Eindhoven<\/li>\n<li>Sergio Cristobal &amp; Pablo Ruiz (AEGEE-Zaragoza) (Winner)<\/li>\n<li><a title=\"Stealing AEGEE-Tbilisi flag\" href=\"https:\/\/www.facebook.com\/photo.php?fbid=395484687132457&amp;set=a.394346157246310.106773.285980401416220&amp;type=3&amp;theater\" target=\"_blank\">Alfredo Selitti &amp; Olga Iatsyna<\/a>\u00a0for stealing AEGEE-Tbilisi flag<\/li>\n<\/ul>\n<p>&nbsp;<\/p>\n<p><strong>7. Best Party Animal<\/strong><\/p>\n<ul>\n<li>Seppo, AEGEE-Helsinki<\/li>\n<li>Niklas, AEGEE-Helsinki<\/li>\n<li>Dorota, AEGEE-Tor\u00fan<\/li>\n<li>Paulina, AEGEE-Tor\u00fan<\/li>\n<li>Maryana, AEGEE-Lviv (Winner)<\/li>\n<\/ul>\n<p>&nbsp;<\/p>\n<p><strong>8. Best Merchandise<\/strong><\/p>\n<ul>\n<li><a title=\"I love Jam\u00f3n story\" href=\"http:\/\/www.zeus.aegee.org\/magazine\/2012\/03\/27\/i-like-it-like-it-jamon\/\" target=\"_blank\">I love Jam\u00f3n T-shirt, AEGEE-Zaragoza<\/a>\u00a0(Winner)<\/li>\n<li>AEGEE Passport<\/li>\n<li><a title=\"AEGEE-Sofia Calendar\" href=\"http:\/\/www.zeus.aegee.org\/magazine\/2012\/04\/04\/yellow-shirts-sexy-calendars-and-classy-bowties-the-stories-behind-the-nominees-for-the-best-merchandise-award\/\" target=\"_blank\">Yellow spirit shirt, AEGEE-Alicante<\/a><\/li>\n<li><a title=\"AEGEE-Sofia Calendar\" href=\"http:\/\/www.zeus.aegee.org\/magazine\/2012\/04\/04\/yellow-shirts-sexy-calendars-and-classy-bowties-the-stories-behind-the-nominees-for-the-best-merchandise-award\/\" target=\"_blank\">2011 calendar, AEGEE-Sofia<\/a><\/li>\n<li><a title=\"Bowtie\" href=\"http:\/\/www.zeus.aegee.org\/magazine\/2012\/04\/04\/yellow-shirts-sexy-calendars-and-classy-bowties-the-stories-behind-the-nominees-for-the-best-merchandise-award\/\" target=\"_blank\">Bowtie and tie, AEGEE-Enschede<\/a><\/li>\n<\/ul>\n<p>&nbsp;<\/p>\n<p><strong>9. Best Event<\/strong><\/p>\n<ul>\n<li>Agora Alicante (Winner)<\/li>\n<li><a title=\"VFWG article about Agora Skopje\" href=\"http:\/\/www.zeus.aegee.org\/magazine\/2011\/12\/05\/agora-skopje-a-memorable-agora-for-visa-issues-and-the-vfwg\/\" target=\"_blank\">Agora Skopje<\/a><\/li>\n<li>EBM Riga<\/li>\n<li><a title=\"Best Summer University 2011\" href=\"http:\/\/www.central.aegee.org\/~erth\/goldentimes\/?p=2524\" target=\"_blank\">Best Summer University 2011\u00a0AEGEE-Le\u00f3n<\/a><\/li>\n<li><a title=\"Renove\" href=\"http:\/\/www.zeus.aegee.org\/magazine\/2012\/04\/05\/renove-where-newbies-and-oldies-meet\/\" target=\"_blank\">Renove, AEGEE-Madrid<\/a><\/li>\n<\/ul>\n<p>&nbsp;<\/p>\n<p><strong>10. Best Working Group<\/strong><\/p>\n<ul>\n<li>\u00a0Educational Working Group (EWG)<\/li>\n<li><a title=\"EnWG\" href=\"http:\/\/www.zeus.aegee.org\/magazine\/2012\/04\/04\/think-green-think-enwg\/\" target=\"_blank\">Environmental Working Group (EnWG)<\/a><\/li>\n<li><a title=\"VFWG 2011\" href=\"http:\/\/www.zeus.aegee.org\/magazine\/2012\/03\/29\/getting-the-vfwg-back-on-track\/\" target=\"_blank\">Visa Freedom Working Group<\/a> (VFWG)<\/li>\n<li>AEGEE Academy (Winnner)<\/li>\n<li>Public Relations Committee (PRC)<\/li>\n<li>Cultural Working Group (CWG)<\/li>\n<li>International Politics Working Group (IPWG)<\/li>\n<li><a title=\"HRC\" href=\"http:\/\/www.zeus.aegee.org\/magazine\/2012\/02\/21\/finally-we-have-a-hr-committee\/\" target=\"_blank\">Human Resources Committee<\/a> (HRC)<\/li>\n<li>Information Technology Committee (ITC)<\/li>\n<\/ul>\n<p>&nbsp;<\/p>\n<p><strong>11. Best Project<\/strong><\/p>\n<ul>\n<li><a title=\"SUCT 2011\" href=\"http:\/\/www.zeus.aegee.org\/magazine\/2012\/03\/28\/summer-university-achievements-of-2011\/\" target=\"_blank\">Summer University Coordination Team<\/a> (SUCT) (Winner)<\/li>\n<li><a title=\"EDL article\" href=\"http:\/\/www.zeus.aegee.org\/magazine\/2012\/01\/11\/european-day-of-language-celebration-2011\/\" target=\"_blank\">European Day of Language<\/a> (EDL)<\/li>\n<li><a title=\"WDEE 2011\" href=\"http:\/\/www.zeus.aegee.org\/magazine\/2012\/03\/22\/wdee-success-in-scandinavia\/\" target=\"_blank\">Where Does Europe End?<\/a> (WDEE)<\/li>\n<li><a title=\"EaP\" href=\"http:\/\/www.zeus.aegee.org\/magazine\/2012\/03\/31\/the-most-ambitious-project-team-of-aegee-history\/\" target=\"_blank\">Eastern Partnership (EaP)<\/a><\/li>\n<li><a title=\"HED article\" href=\"http:\/\/www.zeus.aegee.org\/magazine\/2012\/04\/02\/higher-education-all-over-europe\/\" target=\"_blank\">Higher Education Days (HED)<\/a><\/li>\n<li><a title=\"YuE 2011\" href=\"http:\/\/www.zeus.aegee.org\/magazine\/2012\/03\/29\/success-stories-fresh-ideas-and-new-opportunities\/\" target=\"_blank\">Youth UnEmployment<\/a> (YuE)<\/li>\n<li>YouROPE needs YOU<\/li>\n<li><a title=\"Beyond Europe\" href=\"http:\/\/www.zeus.aegee.org\/magazine\/2012\/02\/19\/when-our-trainers-train-abroad\/\" target=\"_blank\">Beyond Europe<\/a><\/li>\n<\/ul>\n<h2><\/h2>\n","protected":false},"excerpt":{"rendered":"<p class=\"excerpt\">The AEGEEans&#8217; Choice Awards 2012 took place for the first time in 2012, and the awards were handed over in Agora Enschede. Nominees and winners of 2012 1. Cutest Mascot Le\u00f3ncio, AEGEE-Le\u00f3n (Winner) Uca, AEGEE-Santander Sofoklis, AEGEE-Thessaloniki Masagor, AEGEE-Eski\u015fehi Cicus Pazmaneus, \u00a0AEGEE-Piliscsaba &nbsp; 2. Most Creative Title of an Event 2011 AeGeE of Empires, AEGEE-Budapest &amp; AEGEE-Brno (Winner) City of&hellip; <a href=\"https:\/\/www.zeus.aegee.org\/magazine\/the-aegeeans-choice-awards\/the-aegeeans-choice-awards-2012\/\">Read more &rarr;<\/a><\/p>\n","protected":false},"author":40,"featured_media":0,"parent":13380,"menu_order":0,"comment_status":"closed","ping_status":"closed","template":"","meta":{"ngg_post_thumbnail":0},"_links":{"self":[{"href":"https:\/\/www.zeus.aegee.org\/magazine\/wp-json\/wp\/v2\/pages\/5713"}],"collection":[{"href":"https:\/\/www.zeus.aegee.org\/magazine\/wp-json\/wp\/v2\/pages"}],"about":[{"href":"https:\/\/www.zeus.aegee.org\/magazine\/wp-json\/wp\/v2\/types\/page"}],"author":[{"embeddable":true,"href":"https:\/\/www.zeus.aegee.org\/magazine\/wp-json\/wp\/v2\/users\/40"}],"replies":[{"embeddable":true,"href":"https:\/\/www.zeus.aegee.org\/magazine\/wp-json\/wp\/v2\/comments?post=5713"}],"version-history":[{"count":84,"href":"https:\/\/www.zeus.aegee.org\/magazine\/wp-json\/wp\/v2\/pages\/5713\/revisions"}],"predecessor-version":[{"id":13589,"href":"https:\/\/www.zeus.aegee.org\/magazine\/wp-json\/wp\/v2\/pages\/5713\/revisions\/13589"}],"up":[{"embeddable":true,"href":"https:\/\/www.zeus.aegee.org\/magazine\/wp-json\/wp\/v2\/pages\/13380"}],"wp:attachment":[{"href":"https:\/\/www.zeus.aegee.org\/magazine\/wp-json\/wp\/v2\/media?parent=5713"}],"curies":[{"name":"wp","href":"https:\/\/api.w.org\/{rel}","templated":true}]}}